{"id":49749,"date":"2025-08-19T20:26:12","date_gmt":"2025-08-19T20:26:12","guid":{"rendered":"https:\/\/nordicleaddatabase.com\/blogg\/"},"modified":"2025-10-24T16:16:28","modified_gmt":"2025-10-24T16:16:28","slug":"blogg","status":"publish","type":"page","link":"https:\/\/nordicleaddatabase.com\/sv\/blogg\/","title":{"rendered":"Blogg"},"content":{"rendered":"\n<div class=\"gbp-section gb-element-933ce280\">\n<div class=\"gbp-section__inner gb-element-cabc1c8e\">\n<div class=\"gb-element-68d3f4f1\">\n<h1 class=\"gb-text gbp-section__headline\">Nordisk lead-blogg<\/h1>\n\n\n\n<p class=\"gb-text gbp-section__text\">H\u00e5ll dig uppdaterad med de senaste nordiska aff\u00e4rstrenderna, marknadsinsikter och datadriven tillv\u00e4xtstrategi.<\/p>\n<\/div>\n<\/div>\n\n\n\n<div class=\"gbp-section__inner gb-element-d1893a0d\">\n<div><\/div>\n<\/div>\n<\/div>\n","protected":false},"excerpt":{"rendered":"<p>Nordisk lead-blogg H\u00e5ll dig uppdaterad med de senaste nordiska aff\u00e4rstrenderna, marknadsinsikter och datadriven tillv\u00e4xtstrategi.<\/p>\n","protected":false},"author":1,"featured_media":0,"parent":0,"menu_order":0,"comment_status":"closed","ping_status":"closed","template":"","meta":{"_acf_changed":false,"_kb_optimizer_status":0,"footnotes":""},"industry":[],"country":[],"class_list":["post-49749","page","type-page","status-publish"],"acf":[],"_links":{"self":[{"href":"https:\/\/nordicleaddatabase.com\/sv\/wp-json\/wp\/v2\/pages\/49749","targetHints":{"allow":["GET"]}}],"collection":[{"href":"https:\/\/nordicleaddatabase.com\/sv\/wp-json\/wp\/v2\/pages"}],"about":[{"href":"https:\/\/nordicleaddatabase.com\/sv\/wp-json\/wp\/v2\/types\/page"}],"author":[{"embeddable":true,"href":"https:\/\/nordicleaddatabase.com\/sv\/wp-json\/wp\/v2\/users\/1"}],"replies":[{"embeddable":true,"href":"https:\/\/nordicleaddatabase.com\/sv\/wp-json\/wp\/v2\/comments?post=49749"}],"version-history":[{"count":1,"href":"https:\/\/nordicleaddatabase.com\/sv\/wp-json\/wp\/v2\/pages\/49749\/revisions"}],"predecessor-version":[{"id":49750,"href":"https:\/\/nordicleaddatabase.com\/sv\/wp-json\/wp\/v2\/pages\/49749\/revisions\/49750"}],"wp:attachment":[{"href":"https:\/\/nordicleaddatabase.com\/sv\/wp-json\/wp\/v2\/media?parent=49749"}],"wp:term":[{"taxonomy":"industry","embeddable":true,"href":"https:\/\/nordicleaddatabase.com\/sv\/wp-json\/wp\/v2\/industry?post=49749"},{"taxonomy":"country","embeddable":true,"href":"https:\/\/nordicleaddatabase.com\/sv\/wp-json\/wp\/v2\/country?post=49749"}],"curies":[{"name":"wp","href":"https:\/\/api.w.org\/{rel}","templated":true}]}}